{"id":70,"date":"2014-10-17T10:33:50","date_gmt":"2014-10-17T10:33:50","guid":{"rendered":"http:\/\/w2.abarzuza.es\/?page_id=70"},"modified":"2015-05-08T09:14:01","modified_gmt":"2015-05-08T09:14:01","slug":"aviso-legal","status":"publish","type":"page","link":"https:\/\/www.igantzi.eus\/es\/aviso-legal\/","title":{"rendered":"Aviso legal"},"content":{"rendered":"<p>PROPIEDAD INTELECTUAL E INDUSTRIAL<\/p>\n<p>La totalidad de este portal y las partes que lo componen se encuentran protegidas por las leyes espa\u00f1olas e internacionales sobre propiedad Intelectual e Industrial. Queda expresamente prohibida la reproducci\u00f3n total o parcial de este portal sin el permiso expreso y por escrito del Ayuntamiento de Igantzi. Cualquier utilizaci\u00f3n de este portal o de sus contenidos contraria a la normativa vigente podr\u00e1 ser perseguida.<\/p>\n<p>PROTECCI\u00d3N DE DATOS PERSONALES<\/p>\n<p>La cumplimentaci\u00f3n de datos personales no es obligatoria. El usuario que facilite sus datos personales es el \u00fanico responsable de la veracidad y correcci\u00f3n de los datos incluidos, quedando el Ayuntamiento de Igantzi exonerado de cualquier responsabilidad al respecto.<\/p>\n<p>Los datos que suministre el usuario ser\u00e1n incluidos en nuestros ficheros automatizados de car\u00e1cter personal y tratados conforme a la Ley Org\u00e1nica 15\/1999, de 13 de diciembre de Protecci\u00f3n de Datos de Car\u00e1cter Personal. Mediante el suministro de sus datos, el usuario autoriza el tratamiento automatizado de los mismos con los fines indicados por el portal en cada caso. El usuario podr\u00e1 ejercer en cualquier momento su derecho de acceso, rectificaci\u00f3n, cancelaci\u00f3n y oposici\u00f3n de sus datos.<br \/>\nTan solo se almacenan los datos personales que el usuario voluntariamente ha facilitado al registrarse.<\/p>\n<p>LIMITACI\u00d3N DE RESPONSABILIDAD<\/p>\n<p>Este portal contiene informaci\u00f3n recogida de buena fe por el Ayuntamiento de Igantzi, de fuentes que considera fiables. Sin embargo, este portal y sus contenidos no suponen garant\u00eda de ning\u00fan tipo, ni expresa ni impl\u00edcita, por parte del Ayuntamiento de Igantzi. El Ayuntamiento de Igantzi no garantiza que sus p\u00e1ginas se encuentren operativas, ni que sus contenidos sean completos, exactos o fiables en todo momento.<br \/>\nEl Ayuntamiento de Igantzi no se hace responsable de los da\u00f1os o perjuicios, directos o indirectos, derivados del uso de este portal, incluidos da\u00f1os a sistemas inform\u00e1ticos, introducci\u00f3n de virus y da\u00f1os originados por cualquier decisi\u00f3n tomada en base a la informaci\u00f3n contenida en el mismo. El Ayuntamiento de Igantzi recomienda solicitar confirmaci\u00f3n escrita de la informaci\u00f3n, en caso de necesidad.<\/p>\n<p>LIMITACIONES DE USO<\/p>\n<p>Los usuarios deber\u00e1n utilizar la informaci\u00f3n contenida en este portal en cumplimiento de la legislaci\u00f3n aplicable en cada caso. En ning\u00fan caso el Ayuntamiento de Igantzi ser\u00e1 responsable del uso inadecuado de este portal o de sus contenidos, o de las consecuencias que dicho uso pueda originar.<\/p>\n<p>OTRAS CONDICIONES<\/p>\n<p>\u00abPortal\u00bb, a los efectos de estas Condiciones de Utilizaci\u00f3n, significa sitio \u00abweb\u00bb.<br \/>\nEl Ayuntamiento de Igantzi se reserva el derecho a modificar en cualquier momento, sin previo aviso, los contenidos de este portal y las Condiciones Generales de Acceso.<br \/>\nLas presentes Condiciones Generales de Utilizaci\u00f3n y todas las relaciones que se establezcan entre el usuario y mediaci\u00f3n se regir\u00e1n por la legislaci\u00f3n espa\u00f1ola.<br \/>\nLa utilizaci\u00f3n del portal implica la aceptaci\u00f3n de las anteriores Condiciones Generales de Utiliza<\/p>","protected":false},"excerpt":{"rendered":"<p>PROPIEDAD INTELECTUAL E INDUSTRIAL La totalidad de este portal y las partes que lo componen se encuentran protegidas por las leyes espa\u00f1olas e internacionales sobre propiedad Intelectual e Industrial. Queda expresamente prohibida la reproducci\u00f3n total o parcial de este portal&hellip; <\/p>\n","protected":false},"author":1,"featured_media":0,"parent":0,"menu_order":4,"comment_status":"closed","ping_status":"closed","template":"","meta":{"_monsterinsights_skip_tracking":false,"_monsterinsights_sitenote_active":false,"_monsterinsights_sitenote_note":"","_monsterinsights_sitenote_category":0,"footnotes":""},"class_list":["post-70","page","type-page","status-publish","hentry"],"yoast_head":"<!-- This site is optimized with the Yoast SEO plugin v26.8 - https:\/\/yoast.com\/product\/yoast-seo-wordpress\/ -->\r\n<title>Aviso legalLegezko abisua - Ayuntamiento de Igantzi<\/title>\r\n<meta name=\"robots\" content=\"index, follow, max-snippet:-1, max-image-preview:large, max-video-preview:-1\" \/>\r\n<link rel=\"canonical\" href=\"https:\/\/www.igantzi.eus\/es\/aviso-legal\/\" \/>\r\n<meta property=\"og:locale\" content=\"es_ES\" \/>\r\n<meta property=\"og:type\" content=\"article\" \/>\r\n<meta property=\"og:title\" content=\"Aviso legalLegezko abisua - Ayuntamiento de Igantzi\" \/>\r\n<meta property=\"og:description\" content=\"PROPIEDAD INTELECTUAL E INDUSTRIAL La totalidad de este portal y las partes que lo componen se encuentran protegidas por las leyes espa\u00f1olas e internacionales sobre propiedad Intelectual e Industrial. Queda expresamente prohibida la reproducci\u00f3n total o parcial de este portal&hellip;\" \/>\r\n<meta property=\"og:url\" content=\"https:\/\/www.igantzi.eus\/es\/aviso-legal\/\" \/>\r\n<meta property=\"og:site_name\" content=\"Ayuntamiento de Igantzi\" \/>\r\n<meta property=\"article:modified_time\" content=\"2015-05-08T09:14:01+00:00\" \/>\r\n<meta name=\"twitter:card\" content=\"summary_large_image\" \/>\r\n<meta name=\"twitter:label1\" content=\"Tiempo de lectura\" \/>\n\t<meta name=\"twitter:data1\" content=\"4 minutos\" \/>\r\n<script type=\"application\/ld+json\" class=\"yoast-schema-graph\">{\"@context\":\"https:\/\/schema.org\",\"@graph\":[{\"@type\":\"WebPage\",\"@id\":\"https:\/\/www.igantzi.eus\/es\/aviso-legal\/\",\"url\":\"https:\/\/www.igantzi.eus\/es\/aviso-legal\/\",\"name\":\"Aviso legalLegezko abisua - Ayuntamiento de Igantzi\",\"isPartOf\":{\"@id\":\"https:\/\/www.igantzi.eus\/es\/#website\"},\"datePublished\":\"2014-10-17T10:33:50+00:00\",\"dateModified\":\"2015-05-08T09:14:01+00:00\",\"breadcrumb\":{\"@id\":\"https:\/\/www.igantzi.eus\/es\/aviso-legal\/#breadcrumb\"},\"inLanguage\":\"es\",\"potentialAction\":[{\"@type\":\"ReadAction\",\"target\":[[\"https:\/\/www.igantzi.eus\/es\/aviso-legal\/\"]]}]},{\"@type\":\"BreadcrumbList\",\"@id\":\"https:\/\/www.igantzi.eus\/es\/aviso-legal\/#breadcrumb\",\"itemListElement\":[{\"@type\":\"ListItem\",\"position\":1,\"name\":\"Portada\",\"item\":\"https:\/\/www.igantzi.eus\/es\/\"},{\"@type\":\"ListItem\",\"position\":2,\"name\":\"Aviso legal\"}]},{\"@type\":\"WebSite\",\"@id\":\"https:\/\/www.igantzi.eus\/es\/#website\",\"url\":\"https:\/\/www.igantzi.eus\/es\/\",\"name\":\"Ayuntamiento de Igantzi\",\"description\":\"P\u00e1gina web del Ayuntamiento de Igantzi\",\"potentialAction\":[{\"@type\":\"SearchAction\",\"target\":{\"@type\":\"EntryPoint\",\"urlTemplate\":\"https:\/\/www.igantzi.eus\/es\/?s={search_term_string}\"},\"query-input\":{\"@type\":\"PropertyValueSpecification\",\"valueRequired\":true,\"valueName\":\"search_term_string\"}}],\"inLanguage\":\"es\"}]}<\/script>\r\n<!-- \/ Yoast SEO plugin. -->","yoast_head_json":{"title":"Aviso legalLegezko abisua - Ayuntamiento de Igantzi","robots":{"index":"index","follow":"follow","max-snippet":"max-snippet:-1","max-image-preview":"max-image-preview:large","max-video-preview":"max-video-preview:-1"},"canonical":"https:\/\/www.igantzi.eus\/es\/aviso-legal\/","og_locale":"es_ES","og_type":"article","og_title":"Aviso legalLegezko abisua - Ayuntamiento de Igantzi","og_description":"PROPIEDAD INTELECTUAL E INDUSTRIAL La totalidad de este portal y las partes que lo componen se encuentran protegidas por las leyes espa\u00f1olas e internacionales sobre propiedad Intelectual e Industrial. Queda expresamente prohibida la reproducci\u00f3n total o parcial de este portal&hellip;","og_url":"https:\/\/www.igantzi.eus\/es\/aviso-legal\/","og_site_name":"Ayuntamiento de Igantzi","article_modified_time":"2015-05-08T09:14:01+00:00","twitter_card":"summary_large_image","twitter_misc":{"Tiempo de lectura":"4 minutos"},"schema":{"@context":"https:\/\/schema.org","@graph":[{"@type":"WebPage","@id":"https:\/\/www.igantzi.eus\/es\/aviso-legal\/","url":"https:\/\/www.igantzi.eus\/es\/aviso-legal\/","name":"Aviso legalLegezko abisua - Ayuntamiento de Igantzi","isPartOf":{"@id":"https:\/\/www.igantzi.eus\/es\/#website"},"datePublished":"2014-10-17T10:33:50+00:00","dateModified":"2015-05-08T09:14:01+00:00","breadcrumb":{"@id":"https:\/\/www.igantzi.eus\/es\/aviso-legal\/#breadcrumb"},"inLanguage":"es","potentialAction":[{"@type":"ReadAction","target":[["https:\/\/www.igantzi.eus\/es\/aviso-legal\/"]]}]},{"@type":"BreadcrumbList","@id":"https:\/\/www.igantzi.eus\/es\/aviso-legal\/#breadcrumb","itemListElement":[{"@type":"ListItem","position":1,"name":"Portada","item":"https:\/\/www.igantzi.eus\/es\/"},{"@type":"ListItem","position":2,"name":"Aviso legal"}]},{"@type":"WebSite","@id":"https:\/\/www.igantzi.eus\/es\/#website","url":"https:\/\/www.igantzi.eus\/es\/","name":"Ayuntamiento de Igantzi","description":"P\u00e1gina web del Ayuntamiento de Igantzi","potentialAction":[{"@type":"SearchAction","target":{"@type":"EntryPoint","urlTemplate":"https:\/\/www.igantzi.eus\/es\/?s={search_term_string}"},"query-input":{"@type":"PropertyValueSpecification","valueRequired":true,"valueName":"search_term_string"}}],"inLanguage":"es"}]}},"_links":{"self":[{"href":"https:\/\/www.igantzi.eus\/es\/wp-json\/wp\/v2\/pages\/70","targetHints":{"allow":["GET"]}}],"collection":[{"href":"https:\/\/www.igantzi.eus\/es\/wp-json\/wp\/v2\/pages"}],"about":[{"href":"https:\/\/www.igantzi.eus\/es\/wp-json\/wp\/v2\/types\/page"}],"author":[{"embeddable":true,"href":"https:\/\/www.igantzi.eus\/es\/wp-json\/wp\/v2\/users\/1"}],"replies":[{"embeddable":true,"href":"https:\/\/www.igantzi.eus\/es\/wp-json\/wp\/v2\/comments?post=70"}],"version-history":[{"count":0,"href":"https:\/\/www.igantzi.eus\/es\/wp-json\/wp\/v2\/pages\/70\/revisions"}],"wp:attachment":[{"href":"https:\/\/www.igantzi.eus\/es\/wp-json\/wp\/v2\/media?parent=70"}],"curies":[{"name":"wp","href":"https:\/\/api.w.org\/{rel}","templated":true}]}}