{"id":7266,"date":"2015-12-09T12:05:52","date_gmt":"2015-12-09T12:05:52","guid":{"rendered":"http:\/\/www.animsa.es\/?page_id=7266"},"modified":"2016-03-04T10:41:02","modified_gmt":"2016-03-04T09:41:02","slug":"normas-e-instituciones-municipales-orden-del-dia-actas-y-acuerdos","status":"publish","type":"page","link":"https:\/\/www.igantzi.eus\/es\/transparencia\/informacion-institucional-cargos-electos-y-personal-del-ayuntamiento\/normas-e-instituciones-municipales-orden-del-dia-actas-y-acuerdos\/","title":{"rendered":"Normas e instituciones municipales, orden del d\u00eda, actas y acuerdos"},"content":{"rendered":"<p><\/p>\n<ul>\n<li>C\u00f3digo \u00e9tico y de buen gobierno del Ayuntamiento.<\/li>\n<li>\u00d3rdenes del d\u00eda previas de los plenos municipales.<\/li>\n<li>Actas de los plenos municipales.<\/li>\n<li>Acuerdos y actas de las Juntas de Gobierno Municipal.<\/li>\n<li>Videos y retransmisiones de los plenos municipales.<\/li>\n<li>Resoluciones judiciales que afectan al ayuntamiento.<\/li>\n<\/ul>\n<p><\/p>","protected":false},"excerpt":{"rendered":"<p>C\u00f3digo \u00e9tico y de buen gobierno del Ayuntamiento. \u00d3rdenes del d\u00eda previas de los plenos municipales. Actas de los plenos municipales. Acuerdos y actas de las Juntas de Gobierno Municipal. Videos y retransmisiones de los plenos municipales. Resoluciones judiciales que&hellip; <\/p>\n","protected":false},"author":1,"featured_media":0,"parent":7250,"menu_order":0,"comment_status":"closed","ping_status":"closed","template":"","meta":{"_monsterinsights_skip_tracking":false,"_monsterinsights_sitenote_active":false,"_monsterinsights_sitenote_note":"","_monsterinsights_sitenote_category":0,"footnotes":""},"class_list":["post-7266","page","type-page","status-publish","hentry"],"yoast_head":"<!-- This site is optimized with the Yoast SEO plugin v26.8 - https:\/\/yoast.com\/product\/yoast-seo-wordpress\/ -->\r\n<title>Normas e instituciones municipales, orden del d\u00eda, actas y acuerdosUdal arauak eta erakundeak, gai-zerrenda, aktak eta erabakiak - Ayuntamiento de Igantzi<\/title>\r\n<meta name=\"robots\" content=\"index, follow, max-snippet:-1, max-image-preview:large, max-video-preview:-1\" \/>\r\n<link rel=\"canonical\" href=\"https:\/\/www.igantzi.eus\/es\/transparencia\/informacion-institucional-cargos-electos-y-personal-del-ayuntamiento\/normas-e-instituciones-municipales-orden-del-dia-actas-y-acuerdos\/\" \/>\r\n<meta property=\"og:locale\" content=\"es_ES\" \/>\r\n<meta property=\"og:type\" content=\"article\" \/>\r\n<meta property=\"og:title\" content=\"Normas e instituciones municipales, orden del d\u00eda, actas y acuerdosUdal arauak eta erakundeak, gai-zerrenda, aktak eta erabakiak - Ayuntamiento de Igantzi\" \/>\r\n<meta property=\"og:description\" content=\"C\u00f3digo \u00e9tico y de buen gobierno del Ayuntamiento. \u00d3rdenes del d\u00eda previas de los plenos municipales. Actas de los plenos municipales. Acuerdos y actas de las Juntas de Gobierno Municipal. Videos y retransmisiones de los plenos municipales. Resoluciones judiciales que&hellip;\" \/>\r\n<meta property=\"og:url\" content=\"https:\/\/www.igantzi.eus\/es\/transparencia\/informacion-institucional-cargos-electos-y-personal-del-ayuntamiento\/normas-e-instituciones-municipales-orden-del-dia-actas-y-acuerdos\/\" \/>\r\n<meta property=\"og:site_name\" content=\"Ayuntamiento de Igantzi\" \/>\r\n<meta property=\"article:modified_time\" content=\"2016-03-04T09:41:02+00:00\" \/>\r\n<meta name=\"twitter:card\" content=\"summary_large_image\" \/>\r\n<script type=\"application\/ld+json\" class=\"yoast-schema-graph\">{\"@context\":\"https:\/\/schema.org\",\"@graph\":[{\"@type\":\"WebPage\",\"@id\":\"https:\/\/www.igantzi.eus\/es\/transparencia\/informacion-institucional-cargos-electos-y-personal-del-ayuntamiento\/normas-e-instituciones-municipales-orden-del-dia-actas-y-acuerdos\/\",\"url\":\"https:\/\/www.igantzi.eus\/es\/transparencia\/informacion-institucional-cargos-electos-y-personal-del-ayuntamiento\/normas-e-instituciones-municipales-orden-del-dia-actas-y-acuerdos\/\",\"name\":\"Normas e instituciones municipales, orden del d\u00eda, actas y acuerdosUdal arauak eta erakundeak, gai-zerrenda, aktak eta erabakiak - Ayuntamiento de Igantzi\",\"isPartOf\":{\"@id\":\"https:\/\/www.igantzi.eus\/es\/#website\"},\"datePublished\":\"2015-12-09T12:05:52+00:00\",\"dateModified\":\"2016-03-04T09:41:02+00:00\",\"breadcrumb\":{\"@id\":\"https:\/\/www.igantzi.eus\/es\/transparencia\/informacion-institucional-cargos-electos-y-personal-del-ayuntamiento\/normas-e-instituciones-municipales-orden-del-dia-actas-y-acuerdos\/#breadcrumb\"},\"inLanguage\":\"es\",\"potentialAction\":[{\"@type\":\"ReadAction\",\"target\":[[\"https:\/\/www.igantzi.eus\/es\/transparencia\/informacion-institucional-cargos-electos-y-personal-del-ayuntamiento\/normas-e-instituciones-municipales-orden-del-dia-actas-y-acuerdos\/\"]]}]},{\"@type\":\"BreadcrumbList\",\"@id\":\"https:\/\/www.igantzi.eus\/es\/transparencia\/informacion-institucional-cargos-electos-y-personal-del-ayuntamiento\/normas-e-instituciones-municipales-orden-del-dia-actas-y-acuerdos\/#breadcrumb\",\"itemListElement\":[{\"@type\":\"ListItem\",\"position\":1,\"name\":\"Portada\",\"item\":\"https:\/\/www.igantzi.eus\/es\/\"},{\"@type\":\"ListItem\",\"position\":2,\"name\":\"Transparencia\",\"item\":\"https:\/\/www.igantzi.eus\/es\/transparencia\/\"},{\"@type\":\"ListItem\",\"position\":3,\"name\":\"Informaci\u00f3n institucional, cargos electos y personal del ayuntamiento\",\"item\":\"https:\/\/www.igantzi.eus\/es\/transparencia\/informacion-institucional-cargos-electos-y-personal-del-ayuntamiento\/\"},{\"@type\":\"ListItem\",\"position\":4,\"name\":\"Normas e instituciones municipales, orden del d\u00eda, actas y acuerdos\"}]},{\"@type\":\"WebSite\",\"@id\":\"https:\/\/www.igantzi.eus\/es\/#website\",\"url\":\"https:\/\/www.igantzi.eus\/es\/\",\"name\":\"Ayuntamiento de Igantzi\",\"description\":\"P\u00e1gina web del Ayuntamiento de Igantzi\",\"potentialAction\":[{\"@type\":\"SearchAction\",\"target\":{\"@type\":\"EntryPoint\",\"urlTemplate\":\"https:\/\/www.igantzi.eus\/es\/?s={search_term_string}\"},\"query-input\":{\"@type\":\"PropertyValueSpecification\",\"valueRequired\":true,\"valueName\":\"search_term_string\"}}],\"inLanguage\":\"es\"}]}<\/script>\r\n<!-- \/ Yoast SEO plugin. -->","yoast_head_json":{"title":"Normas e instituciones municipales, orden del d\u00eda, actas y acuerdosUdal arauak eta erakundeak, gai-zerrenda, aktak eta erabakiak - Ayuntamiento de Igantzi","robots":{"index":"index","follow":"follow","max-snippet":"max-snippet:-1","max-image-preview":"max-image-preview:large","max-video-preview":"max-video-preview:-1"},"canonical":"https:\/\/www.igantzi.eus\/es\/transparencia\/informacion-institucional-cargos-electos-y-personal-del-ayuntamiento\/normas-e-instituciones-municipales-orden-del-dia-actas-y-acuerdos\/","og_locale":"es_ES","og_type":"article","og_title":"Normas e instituciones municipales, orden del d\u00eda, actas y acuerdosUdal arauak eta erakundeak, gai-zerrenda, aktak eta erabakiak - Ayuntamiento de Igantzi","og_description":"C\u00f3digo \u00e9tico y de buen gobierno del Ayuntamiento. \u00d3rdenes del d\u00eda previas de los plenos municipales. Actas de los plenos municipales. Acuerdos y actas de las Juntas de Gobierno Municipal. Videos y retransmisiones de los plenos municipales. Resoluciones judiciales que&hellip;","og_url":"https:\/\/www.igantzi.eus\/es\/transparencia\/informacion-institucional-cargos-electos-y-personal-del-ayuntamiento\/normas-e-instituciones-municipales-orden-del-dia-actas-y-acuerdos\/","og_site_name":"Ayuntamiento de Igantzi","article_modified_time":"2016-03-04T09:41:02+00:00","twitter_card":"summary_large_image","schema":{"@context":"https:\/\/schema.org","@graph":[{"@type":"WebPage","@id":"https:\/\/www.igantzi.eus\/es\/transparencia\/informacion-institucional-cargos-electos-y-personal-del-ayuntamiento\/normas-e-instituciones-municipales-orden-del-dia-actas-y-acuerdos\/","url":"https:\/\/www.igantzi.eus\/es\/transparencia\/informacion-institucional-cargos-electos-y-personal-del-ayuntamiento\/normas-e-instituciones-municipales-orden-del-dia-actas-y-acuerdos\/","name":"Normas e instituciones municipales, orden del d\u00eda, actas y acuerdosUdal arauak eta erakundeak, gai-zerrenda, aktak eta erabakiak - Ayuntamiento de Igantzi","isPartOf":{"@id":"https:\/\/www.igantzi.eus\/es\/#website"},"datePublished":"2015-12-09T12:05:52+00:00","dateModified":"2016-03-04T09:41:02+00:00","breadcrumb":{"@id":"https:\/\/www.igantzi.eus\/es\/transparencia\/informacion-institucional-cargos-electos-y-personal-del-ayuntamiento\/normas-e-instituciones-municipales-orden-del-dia-actas-y-acuerdos\/#breadcrumb"},"inLanguage":"es","potentialAction":[{"@type":"ReadAction","target":[["https:\/\/www.igantzi.eus\/es\/transparencia\/informacion-institucional-cargos-electos-y-personal-del-ayuntamiento\/normas-e-instituciones-municipales-orden-del-dia-actas-y-acuerdos\/"]]}]},{"@type":"BreadcrumbList","@id":"https:\/\/www.igantzi.eus\/es\/transparencia\/informacion-institucional-cargos-electos-y-personal-del-ayuntamiento\/normas-e-instituciones-municipales-orden-del-dia-actas-y-acuerdos\/#breadcrumb","itemListElement":[{"@type":"ListItem","position":1,"name":"Portada","item":"https:\/\/www.igantzi.eus\/es\/"},{"@type":"ListItem","position":2,"name":"Transparencia","item":"https:\/\/www.igantzi.eus\/es\/transparencia\/"},{"@type":"ListItem","position":3,"name":"Informaci\u00f3n institucional, cargos electos y personal del ayuntamiento","item":"https:\/\/www.igantzi.eus\/es\/transparencia\/informacion-institucional-cargos-electos-y-personal-del-ayuntamiento\/"},{"@type":"ListItem","position":4,"name":"Normas e instituciones municipales, orden del d\u00eda, actas y acuerdos"}]},{"@type":"WebSite","@id":"https:\/\/www.igantzi.eus\/es\/#website","url":"https:\/\/www.igantzi.eus\/es\/","name":"Ayuntamiento de Igantzi","description":"P\u00e1gina web del Ayuntamiento de Igantzi","potentialAction":[{"@type":"SearchAction","target":{"@type":"EntryPoint","urlTemplate":"https:\/\/www.igantzi.eus\/es\/?s={search_term_string}"},"query-input":{"@type":"PropertyValueSpecification","valueRequired":true,"valueName":"search_term_string"}}],"inLanguage":"es"}]}},"_links":{"self":[{"href":"https:\/\/www.igantzi.eus\/es\/wp-json\/wp\/v2\/pages\/7266","targetHints":{"allow":["GET"]}}],"collection":[{"href":"https:\/\/www.igantzi.eus\/es\/wp-json\/wp\/v2\/pages"}],"about":[{"href":"https:\/\/www.igantzi.eus\/es\/wp-json\/wp\/v2\/types\/page"}],"author":[{"embeddable":true,"href":"https:\/\/www.igantzi.eus\/es\/wp-json\/wp\/v2\/users\/1"}],"replies":[{"embeddable":true,"href":"https:\/\/www.igantzi.eus\/es\/wp-json\/wp\/v2\/comments?post=7266"}],"version-history":[{"count":0,"href":"https:\/\/www.igantzi.eus\/es\/wp-json\/wp\/v2\/pages\/7266\/revisions"}],"up":[{"embeddable":true,"href":"https:\/\/www.igantzi.eus\/es\/wp-json\/wp\/v2\/pages\/7250"}],"wp:attachment":[{"href":"https:\/\/www.igantzi.eus\/es\/wp-json\/wp\/v2\/media?parent=7266"}],"curies":[{"name":"wp","href":"https:\/\/api.w.org\/{rel}","templated":true}]}}