{"id":8572,"date":"2024-03-15T11:03:52","date_gmt":"2024-03-15T10:03:52","guid":{"rendered":"https:\/\/www.igantzi.eus\/?page_id=8572"},"modified":"2026-01-29T10:29:38","modified_gmt":"2026-01-29T09:29:38","slug":"europako-funtsen-finantzaketa","status":"publish","type":"page","link":"https:\/\/www.igantzi.eus\/es\/europako-funtsen-finantzaketa\/","title":{"rendered":"FINANCIACI\u00d3N FONDOS EUROPEOS"},"content":{"rendered":"<p><img loading=\"lazy\" decoding=\"async\" class=\"alignnone wp-image-8580\" src=\"https:\/\/www.igantzi.eus\/wp-content\/uploads\/sites\/97\/2024\/03\/IGANTZIKO_UDALEKO_LOGOTIPOA-300x124.jpg\" alt=\"\" width=\"290\" height=\"120\" srcset=\"https:\/\/www.igantzi.eus\/wp-content\/uploads\/sites\/97\/2024\/03\/IGANTZIKO_UDALEKO_LOGOTIPOA-300x124.jpg 300w, https:\/\/www.igantzi.eus\/wp-content\/uploads\/sites\/97\/2024\/03\/IGANTZIKO_UDALEKO_LOGOTIPOA.jpg 334w\" sizes=\"auto, (max-width: 290px) 100vw, 290px\" \/> \u00a0 <img loading=\"lazy\" decoding=\"async\" class=\"alignnone wp-image-8581\" src=\"https:\/\/www.igantzi.eus\/wp-content\/uploads\/sites\/97\/2024\/03\/Logo_GE-300x89.jpg\" alt=\"\" width=\"290\" height=\"86\" srcset=\"https:\/\/www.igantzi.eus\/wp-content\/uploads\/sites\/97\/2024\/03\/Logo_GE-300x89.jpg 300w, https:\/\/www.igantzi.eus\/wp-content\/uploads\/sites\/97\/2024\/03\/Logo_GE.jpg 438w\" sizes=\"auto, (max-width: 290px) 100vw, 290px\" \/><\/p>\n<p><img loading=\"lazy\" decoding=\"async\" class=\"alignnone wp-image-8583\" src=\"https:\/\/www.igantzi.eus\/wp-content\/uploads\/sites\/97\/2024\/03\/Logo_PRT-300x98.png\" alt=\"\" width=\"290\" height=\"95\" srcset=\"https:\/\/www.igantzi.eus\/wp-content\/uploads\/sites\/97\/2024\/03\/Logo_PRT-300x98.png 300w, https:\/\/www.igantzi.eus\/wp-content\/uploads\/sites\/97\/2024\/03\/Logo_PRT.png 398w\" sizes=\"auto, (max-width: 290px) 100vw, 290px\" \/> \u00a0 <img loading=\"lazy\" decoding=\"async\" class=\"alignnone wp-image-8582\" src=\"https:\/\/www.igantzi.eus\/wp-content\/uploads\/sites\/97\/2024\/03\/Logo_Next-300x71.png\" alt=\"\" width=\"290\" height=\"69\" srcset=\"https:\/\/www.igantzi.eus\/wp-content\/uploads\/sites\/97\/2024\/03\/Logo_Next-300x71.png 300w, https:\/\/www.igantzi.eus\/wp-content\/uploads\/sites\/97\/2024\/03\/Logo_Next.png 547w\" sizes=\"auto, (max-width: 290px) 100vw, 290px\" \/><\/p>\n<h4>Canal Denuncias Antifraude<\/h4>\n<p>Si desea denunciar hechos que puedan ser constitutivos de fraude o irregularidad en relaci\u00f3n con proyectos u operaciones financiados con cargo a fondos procedentes de la Uni\u00f3n Europea, puede utilizar el canal habilitado al efecto por el Ayuntamiento de Igantzi, y al que se puede acceder remitiendo un email a la siguiente direcci\u00f3n: <a href=\"mailto:iruzurrasalaketa@igantzi.eus\">iruzurrasalaketa@igantzi.eus <\/a><\/p>\n<p>Igualmente, se informa que adem\u00e1s de los procedimientos establecidos en este mismo documento, cualquier ciudadano o empleado p\u00fablico, podr\u00e1 comunicar hechos presuntamente fraudulentos al SNCA, a trav\u00e9s del canal de denuncias externo \u201cInfofraude\u201d, habilitado al efecto por dicho servicio en la direcci\u00f3n web:<\/p>\n<p><a href=\"https:\/\/www.igae.pap.hacienda.gob.es\/sitios\/igae\/es-ES\/snca\/Paginas\/ComunicacionSNCA.aspx\" target=\"_blank\" rel=\"noopener\">Comunicaci\u00f3n de informaci\u00f3n sobre fraudes o irregularidades que afecten a fondos europeos.<\/a><\/p>\n<h4>Documentos<\/h4>\n<p>La Pol\u00edtica Antifraude en el marco del Plan de Recuperaci\u00f3n, Transformaci\u00f3n y Resiliencia (PRTR) y de los fondos NGEU fue aprobada en sesi\u00f3n ordinaria del pleno del Ayuntamiento de Igantzi con fecha 11 de marzo de 2024.<\/p>\n<p><a href=\"https:\/\/www.igantzi.eus\/wp-content\/uploads\/sites\/97\/2024\/03\/plan_medidas_antifraude.pdf\" class=\"mtli_attachment mtli_pdf\" target=\"_blank\" rel=\"noopener\">Plan de medidas Antifraude aprobado con fecha 11 de marzo de 2024.<\/a><\/p>\n<h4>Declaraci\u00f3n institucional antifraude<\/h4>\n<p>En pleno ordinario del 11 de marzo de 2024, el Ayuntamiento de Igantzi, en su condici\u00f3n de Entidad Ejecutora del Plan de Recuperaci\u00f3n, Transformaci\u00f3n y Resiliencia seg\u00fanlo dispuesto en la O HFP\/1030\/20201 a aprobado la declaraci\u00f3n institucional por la que manifiesta su compromiso con los est\u00e1ndares m\u00e1s altos en el cumplimiento de las normas jur\u00eddicas, \u00e9ticas y morales y su adhesi\u00f3n a los m\u00e1s estrictos principios de integridad, objetividad y honestidad, de manera que su actividad sea percibida por todos los agentes que se relacionan con ella como opuesta al fraude y la corrupci\u00f3n en cualquiera de sus formas.<\/p>\n<p><a href=\"https:\/\/www.igantzi.eus\/wp-content\/uploads\/sites\/97\/2024\/03\/declaracion_institucional.pdf\" class=\"mtli_attachment mtli_pdf\" target=\"_blank\" rel=\"noopener\">Declaraci\u00f3n institucional antifraude.<\/a><\/p>\n<h4>PROYECTO DE REHABILITACI\u00d3N DEL EDIFICIO ELIZATEA<\/h4>\n<p><a href=\"https:\/\/www.igantzi.eus\/wp-content\/uploads\/sites\/97\/2026\/01\/kartela_DUS5000_2026.pdf\" class=\"mtli_attachment mtli_pdf\" target=\"_blank\" rel=\"noopener\"><img loading=\"lazy\" decoding=\"async\" class=\"alignnone size-full wp-image-9079\" src=\"https:\/\/www.igantzi.eus\/wp-content\/uploads\/sites\/97\/2026\/01\/kartela_dus5000_2026.jpg\" alt=\"\" width=\"656\" height=\"466\" srcset=\"https:\/\/www.igantzi.eus\/wp-content\/uploads\/sites\/97\/2026\/01\/kartela_dus5000_2026.jpg 656w, https:\/\/www.igantzi.eus\/wp-content\/uploads\/sites\/97\/2026\/01\/kartela_dus5000_2026-300x213.jpg 300w, https:\/\/www.igantzi.eus\/wp-content\/uploads\/sites\/97\/2026\/01\/kartela_dus5000_2026-600x426.jpg 600w\" sizes=\"auto, (max-width: 656px) 100vw, 656px\" \/><\/a><\/p>\n<p><a href=\"https:\/\/www.igantzi.eus\/wp-content\/uploads\/sites\/97\/2024\/03\/memoria.pdf\" class=\"mtli_attachment mtli_pdf\" target=\"_blank\" rel=\"noopener\">Memoria<\/a><\/p>\n<p><a href=\"https:\/\/www.igantzi.eus\/wp-content\/uploads\/sites\/97\/2024\/03\/dirulaguntzaren_ebazpena.pdf\" class=\"mtli_attachment mtli_pdf\" target=\"_blank\" rel=\"noopener\">Dirulaguntza ebazpena<\/a><\/p>\n<h4>REDUCCI\u00d3N DE LA DEMANDA Y EL CONSUMO ENERG\u00c9TICO<\/h4>\n<p><a href=\"https:\/\/www.igantzi.eus\/wp-content\/uploads\/sites\/97\/2026\/01\/Comunicacion_DUS5000_web_justificacion-final.pdf\" class=\"mtli_attachment mtli_pdf\" target=\"_blank\" rel=\"noopener\"><img loading=\"lazy\" decoding=\"async\" class=\"alignnone size-full wp-image-9082\" src=\"https:\/\/www.igantzi.eus\/wp-content\/uploads\/sites\/97\/2026\/01\/Comunicacion_DUS5000_web_justificacion-final.jpg\" alt=\"\" width=\"464\" height=\"651\" srcset=\"https:\/\/www.igantzi.eus\/wp-content\/uploads\/sites\/97\/2026\/01\/Comunicacion_DUS5000_web_justificacion-final.jpg 464w, https:\/\/www.igantzi.eus\/wp-content\/uploads\/sites\/97\/2026\/01\/Comunicacion_DUS5000_web_justificacion-final-214x300.jpg 214w, https:\/\/www.igantzi.eus\/wp-content\/uploads\/sites\/97\/2026\/01\/Comunicacion_DUS5000_web_justificacion-final-300x421.jpg 300w\" sizes=\"auto, (max-width: 464px) 100vw, 464px\" \/><\/a><\/p>\n","protected":false},"excerpt":{"rendered":"<p>\u00a0 \u00a0 Canal Denuncias Antifraude Si desea denunciar hechos que puedan ser constitutivos de fraude o irregularidad en relaci\u00f3n con proyectos u operaciones financiados con cargo a fondos procedentes de la Uni\u00f3n Europea, puede utilizar el canal habilitado al efecto&hellip; <\/p>\n","protected":false},"author":10587,"featured_media":0,"parent":0,"menu_order":0,"comment_status":"closed","ping_status":"closed","template":"","meta":{"_monsterinsights_skip_tracking":false,"_monsterinsights_sitenote_active":false,"_monsterinsights_sitenote_note":"","_monsterinsights_sitenote_category":0,"footnotes":""},"class_list":["post-8572","page","type-page","status-publish","hentry"],"yoast_head":"<!-- This site is optimized with the Yoast SEO plugin v26.8 - https:\/\/yoast.com\/product\/yoast-seo-wordpress\/ -->\r\n<title>FINANCIACI\u00d3N FONDOS EUROPEOS - Ayuntamiento de Igantzi<\/title>\r\n<meta name=\"robots\" content=\"index, follow, max-snippet:-1, max-image-preview:large, max-video-preview:-1\" \/>\r\n<link rel=\"canonical\" href=\"https:\/\/www.igantzi.eus\/es\/europako-funtsen-finantzaketa\/\" \/>\r\n<meta property=\"og:locale\" content=\"es_ES\" \/>\r\n<meta property=\"og:type\" content=\"article\" \/>\r\n<meta property=\"og:title\" content=\"FINANCIACI\u00d3N FONDOS EUROPEOS - Ayuntamiento de Igantzi\" \/>\r\n<meta property=\"og:description\" content=\"\u00a0 \u00a0 Canal Denuncias Antifraude Si desea denunciar hechos que puedan ser constitutivos de fraude o irregularidad en relaci\u00f3n con proyectos u operaciones financiados con cargo a fondos procedentes de la Uni\u00f3n Europea, puede utilizar el canal habilitado al efecto&hellip;\" \/>\r\n<meta property=\"og:url\" content=\"https:\/\/www.igantzi.eus\/es\/europako-funtsen-finantzaketa\/\" \/>\r\n<meta property=\"og:site_name\" content=\"Ayuntamiento de Igantzi\" \/>\r\n<meta property=\"article:modified_time\" content=\"2026-01-29T09:29:38+00:00\" \/>\r\n<meta property=\"og:image\" content=\"https:\/\/www.igantzi.eus\/wp-content\/uploads\/sites\/97\/2024\/03\/IGANTZIKO_UDALEKO_LOGOTIPOA-300x124.jpg\" \/>\r\n<meta name=\"twitter:card\" content=\"summary_large_image\" \/>\r\n<meta name=\"twitter:label1\" content=\"Tiempo de lectura\" \/>\n\t<meta name=\"twitter:data1\" content=\"2 minutos\" \/>\r\n<script type=\"application\/ld+json\" class=\"yoast-schema-graph\">{\"@context\":\"https:\/\/schema.org\",\"@graph\":[{\"@type\":\"WebPage\",\"@id\":\"https:\/\/www.igantzi.eus\/es\/europako-funtsen-finantzaketa\/\",\"url\":\"https:\/\/www.igantzi.eus\/es\/europako-funtsen-finantzaketa\/\",\"name\":\"FINANCIACI\u00d3N FONDOS EUROPEOS - Ayuntamiento de Igantzi\",\"isPartOf\":{\"@id\":\"https:\/\/www.igantzi.eus\/es\/#website\"},\"primaryImageOfPage\":{\"@id\":\"https:\/\/www.igantzi.eus\/es\/europako-funtsen-finantzaketa\/#primaryimage\"},\"image\":{\"@id\":\"https:\/\/www.igantzi.eus\/es\/europako-funtsen-finantzaketa\/#primaryimage\"},\"thumbnailUrl\":\"https:\/\/www.igantzi.eus\/wp-content\/uploads\/sites\/97\/2024\/03\/IGANTZIKO_UDALEKO_LOGOTIPOA-300x124.jpg\",\"datePublished\":\"2024-03-15T10:03:52+00:00\",\"dateModified\":\"2026-01-29T09:29:38+00:00\",\"breadcrumb\":{\"@id\":\"https:\/\/www.igantzi.eus\/es\/europako-funtsen-finantzaketa\/#breadcrumb\"},\"inLanguage\":\"es\",\"potentialAction\":[{\"@type\":\"ReadAction\",\"target\":[[\"https:\/\/www.igantzi.eus\/es\/europako-funtsen-finantzaketa\/\"]]}]},{\"@type\":\"ImageObject\",\"inLanguage\":\"es\",\"@id\":\"https:\/\/www.igantzi.eus\/es\/europako-funtsen-finantzaketa\/#primaryimage\",\"url\":\"https:\/\/www.igantzi.eus\/wp-content\/uploads\/sites\/97\/2024\/03\/IGANTZIKO_UDALEKO_LOGOTIPOA-300x124.jpg\",\"contentUrl\":\"https:\/\/www.igantzi.eus\/wp-content\/uploads\/sites\/97\/2024\/03\/IGANTZIKO_UDALEKO_LOGOTIPOA-300x124.jpg\"},{\"@type\":\"BreadcrumbList\",\"@id\":\"https:\/\/www.igantzi.eus\/es\/europako-funtsen-finantzaketa\/#breadcrumb\",\"itemListElement\":[{\"@type\":\"ListItem\",\"position\":1,\"name\":\"Portada\",\"item\":\"https:\/\/www.igantzi.eus\/es\/\"},{\"@type\":\"ListItem\",\"position\":2,\"name\":\"FINANCIACI\u00d3N FONDOS EUROPEOS\"}]},{\"@type\":\"WebSite\",\"@id\":\"https:\/\/www.igantzi.eus\/es\/#website\",\"url\":\"https:\/\/www.igantzi.eus\/es\/\",\"name\":\"Ayuntamiento de Igantzi\",\"description\":\"P\u00e1gina web del Ayuntamiento de Igantzi\",\"potentialAction\":[{\"@type\":\"SearchAction\",\"target\":{\"@type\":\"EntryPoint\",\"urlTemplate\":\"https:\/\/www.igantzi.eus\/es\/?s={search_term_string}\"},\"query-input\":{\"@type\":\"PropertyValueSpecification\",\"valueRequired\":true,\"valueName\":\"search_term_string\"}}],\"inLanguage\":\"es\"}]}<\/script>\r\n<!-- \/ Yoast SEO plugin. -->","yoast_head_json":{"title":"FINANCIACI\u00d3N FONDOS EUROPEOS - Ayuntamiento de Igantzi","robots":{"index":"index","follow":"follow","max-snippet":"max-snippet:-1","max-image-preview":"max-image-preview:large","max-video-preview":"max-video-preview:-1"},"canonical":"https:\/\/www.igantzi.eus\/es\/europako-funtsen-finantzaketa\/","og_locale":"es_ES","og_type":"article","og_title":"FINANCIACI\u00d3N FONDOS EUROPEOS - Ayuntamiento de Igantzi","og_description":"\u00a0 \u00a0 Canal Denuncias Antifraude Si desea denunciar hechos que puedan ser constitutivos de fraude o irregularidad en relaci\u00f3n con proyectos u operaciones financiados con cargo a fondos procedentes de la Uni\u00f3n Europea, puede utilizar el canal habilitado al efecto&hellip;","og_url":"https:\/\/www.igantzi.eus\/es\/europako-funtsen-finantzaketa\/","og_site_name":"Ayuntamiento de Igantzi","article_modified_time":"2026-01-29T09:29:38+00:00","og_image":[{"url":"https:\/\/www.igantzi.eus\/wp-content\/uploads\/sites\/97\/2024\/03\/IGANTZIKO_UDALEKO_LOGOTIPOA-300x124.jpg","type":"","width":"","height":""}],"twitter_card":"summary_large_image","twitter_misc":{"Tiempo de lectura":"2 minutos"},"schema":{"@context":"https:\/\/schema.org","@graph":[{"@type":"WebPage","@id":"https:\/\/www.igantzi.eus\/es\/europako-funtsen-finantzaketa\/","url":"https:\/\/www.igantzi.eus\/es\/europako-funtsen-finantzaketa\/","name":"FINANCIACI\u00d3N FONDOS EUROPEOS - Ayuntamiento de Igantzi","isPartOf":{"@id":"https:\/\/www.igantzi.eus\/es\/#website"},"primaryImageOfPage":{"@id":"https:\/\/www.igantzi.eus\/es\/europako-funtsen-finantzaketa\/#primaryimage"},"image":{"@id":"https:\/\/www.igantzi.eus\/es\/europako-funtsen-finantzaketa\/#primaryimage"},"thumbnailUrl":"https:\/\/www.igantzi.eus\/wp-content\/uploads\/sites\/97\/2024\/03\/IGANTZIKO_UDALEKO_LOGOTIPOA-300x124.jpg","datePublished":"2024-03-15T10:03:52+00:00","dateModified":"2026-01-29T09:29:38+00:00","breadcrumb":{"@id":"https:\/\/www.igantzi.eus\/es\/europako-funtsen-finantzaketa\/#breadcrumb"},"inLanguage":"es","potentialAction":[{"@type":"ReadAction","target":[["https:\/\/www.igantzi.eus\/es\/europako-funtsen-finantzaketa\/"]]}]},{"@type":"ImageObject","inLanguage":"es","@id":"https:\/\/www.igantzi.eus\/es\/europako-funtsen-finantzaketa\/#primaryimage","url":"https:\/\/www.igantzi.eus\/wp-content\/uploads\/sites\/97\/2024\/03\/IGANTZIKO_UDALEKO_LOGOTIPOA-300x124.jpg","contentUrl":"https:\/\/www.igantzi.eus\/wp-content\/uploads\/sites\/97\/2024\/03\/IGANTZIKO_UDALEKO_LOGOTIPOA-300x124.jpg"},{"@type":"BreadcrumbList","@id":"https:\/\/www.igantzi.eus\/es\/europako-funtsen-finantzaketa\/#breadcrumb","itemListElement":[{"@type":"ListItem","position":1,"name":"Portada","item":"https:\/\/www.igantzi.eus\/es\/"},{"@type":"ListItem","position":2,"name":"FINANCIACI\u00d3N FONDOS EUROPEOS"}]},{"@type":"WebSite","@id":"https:\/\/www.igantzi.eus\/es\/#website","url":"https:\/\/www.igantzi.eus\/es\/","name":"Ayuntamiento de Igantzi","description":"P\u00e1gina web del Ayuntamiento de Igantzi","potentialAction":[{"@type":"SearchAction","target":{"@type":"EntryPoint","urlTemplate":"https:\/\/www.igantzi.eus\/es\/?s={search_term_string}"},"query-input":{"@type":"PropertyValueSpecification","valueRequired":true,"valueName":"search_term_string"}}],"inLanguage":"es"}]}},"_links":{"self":[{"href":"https:\/\/www.igantzi.eus\/es\/wp-json\/wp\/v2\/pages\/8572","targetHints":{"allow":["GET"]}}],"collection":[{"href":"https:\/\/www.igantzi.eus\/es\/wp-json\/wp\/v2\/pages"}],"about":[{"href":"https:\/\/www.igantzi.eus\/es\/wp-json\/wp\/v2\/types\/page"}],"author":[{"embeddable":true,"href":"https:\/\/www.igantzi.eus\/es\/wp-json\/wp\/v2\/users\/10587"}],"replies":[{"embeddable":true,"href":"https:\/\/www.igantzi.eus\/es\/wp-json\/wp\/v2\/comments?post=8572"}],"version-history":[{"count":16,"href":"https:\/\/www.igantzi.eus\/es\/wp-json\/wp\/v2\/pages\/8572\/revisions"}],"predecessor-version":[{"id":9087,"href":"https:\/\/www.igantzi.eus\/es\/wp-json\/wp\/v2\/pages\/8572\/revisions\/9087"}],"wp:attachment":[{"href":"https:\/\/www.igantzi.eus\/es\/wp-json\/wp\/v2\/media?parent=8572"}],"curies":[{"name":"wp","href":"https:\/\/api.w.org\/{rel}","templated":true}]}}